{"id":978,"date":"2020-04-08T21:53:14","date_gmt":"2020-04-08T19:53:14","guid":{"rendered":"https:\/\/cosserat.cordx.de\/?page_id=978"},"modified":"2020-04-08T22:23:21","modified_gmt":"2020-04-08T20:23:21","slug":"flachgewebe","status":"publish","type":"page","link":"https:\/\/cosserat.cordx.de\/de\/produkte\/flachgewebe\/","title":{"rendered":"Flachgewebe"},"content":{"rendered":"<div  class='avia-slideshow av-3fzo8k-00d6c37c63951bee0feb6272cd1139f5 avia-slideshow-featured_large av_slideshow avia-fade-slider  avia-builder-el-0  el_before_av_one_full  avia-builder-el-first  av-slideshow-ui av-control-hidden av-no-slider-navigation av-hide-nav-arrows av-slideshow-autoplay av-loop-endless av-loop-manual-endless av-default-height-applied avia-slideshow-1' data-slideshow-options=\"{&quot;animation&quot;:&quot;fade&quot;,&quot;autoplay&quot;:true,&quot;loop_autoplay&quot;:&quot;endless&quot;,&quot;interval&quot;:5,&quot;loop_manual&quot;:&quot;manual-endless&quot;,&quot;autoplay_stopper&quot;:false,&quot;noNavigation&quot;:true,&quot;bg_slider&quot;:false,&quot;keep_padding&quot;:false,&quot;hoverpause&quot;:false,&quot;show_slide_delay&quot;:0}\"  itemprop=\"image\" itemscope=\"itemscope\" itemtype=\"https:\/\/schema.org\/ImageObject\" ><ul class='avia-slideshow-inner ' style='padding-bottom: 75%;'><li  class='avia-slideshow-slide av-3fzo8k-00d6c37c63951bee0feb6272cd1139f5__0  av-single-slide slide-1 slide-odd'><div data-rel='slideshow-1' class='avia-slide-wrap '   ><img decoding=\"async\" class=\"wp-image-918 avia-img-lazy-loading-not-918\"  src=\"https:\/\/cosserat.cordx.de\/wp-content\/uploads\/sites\/5\/2019\/03\/Young-Ela-Reissverschluss-2-300x225.jpg\" width=\"300\" height=\"225\" title='Young-Ela Reissverschluss 2 300x225' alt=''  itemprop=\"thumbnailUrl\"   \/><\/div><\/li><\/ul><\/div>\n\n<style type=\"text\/css\" data-created_by=\"avia_inline_auto\" id=\"style-css-av-2x3mr8-90dbfbaa28cc73640535e3fcc0dcc11c\">\n#top .flex_column.av-2x3mr8-90dbfbaa28cc73640535e3fcc0dcc11c{\nmargin-top:0px;\nmargin-bottom:0px;\n}\n.flex_column.av-2x3mr8-90dbfbaa28cc73640535e3fcc0dcc11c{\n-webkit-border-radius:0px 0px 0px 0px;\n-moz-border-radius:0px 0px 0px 0px;\nborder-radius:0px 0px 0px 0px;\npadding:0px 0px 0px 0px;\n}\n.responsive #top #wrap_all .flex_column.av-2x3mr8-90dbfbaa28cc73640535e3fcc0dcc11c{\nmargin-top:0px;\nmargin-bottom:0px;\n}\n<\/style>\n<div class='flex_column av-2x3mr8-90dbfbaa28cc73640535e3fcc0dcc11c av_one_full  avia-builder-el-1  el_after_av_slideshow  el_before_av_one_half  first flex_column_div av-animated-generic bottom-to-top av-zero-column-padding '     ><p>\n<style type=\"text\/css\" data-created_by=\"avia_inline_auto\" id=\"style-css-av-jrugapol-56836bdeb656fe1773108d8bc795373d\">\n#top .av-special-heading.av-jrugapol-56836bdeb656fe1773108d8bc795373d{\npadding-bottom:0;\n}\nbody .av-special-heading.av-jrugapol-56836bdeb656fe1773108d8bc795373d .av-special-heading-tag .heading-char{\nfont-size:25px;\n}\n.av-special-heading.av-jrugapol-56836bdeb656fe1773108d8bc795373d .av-subheading{\nfont-size:15px;\n}\n<\/style>\n<div  class='av-special-heading av-jrugapol-56836bdeb656fe1773108d8bc795373d av-special-heading-h2 blockquote modern-quote  avia-builder-el-2  el_before_av_hr  avia-builder-el-first '><h2 class='av-special-heading-tag'  itemprop=\"headline\"  >Flachgewebe<\/h2><div class=\"special-heading-border\"><div class=\"special-heading-inner-border\"><\/div><\/div><\/div><br \/>\n\n<style type=\"text\/css\" data-created_by=\"avia_inline_auto\" id=\"style-css-av-2jl5n0-626b03b144b508f73268d2a07c06df9b\">\n#top .hr.av-2jl5n0-626b03b144b508f73268d2a07c06df9b{\nmargin-top:10px;\nmargin-bottom:10px;\n}\n.hr.av-2jl5n0-626b03b144b508f73268d2a07c06df9b .hr-inner{\nwidth:50px;\nborder-color:#efbb20;\n}\n<\/style>\n<div  class='hr av-2jl5n0-626b03b144b508f73268d2a07c06df9b hr-custom  avia-builder-el-3  el_after_av_heading  avia-builder-el-last  hr-left hr-icon-no'><span class='hr-inner inner-border-av-border-fat'><span class=\"hr-inner-style\"><\/span><\/span><\/div><\/p><\/div>\n\n<style type=\"text\/css\" data-created_by=\"avia_inline_auto\" id=\"style-css-av-2di8gs-c8f0832bbcd5150fc313a6d0538a68a3\">\n#top .flex_column.av-2di8gs-c8f0832bbcd5150fc313a6d0538a68a3{\nmargin-top:0px;\nmargin-bottom:0px;\n}\n.flex_column.av-2di8gs-c8f0832bbcd5150fc313a6d0538a68a3{\n-webkit-border-radius:0px 0px 0px 0px;\n-moz-border-radius:0px 0px 0px 0px;\nborder-radius:0px 0px 0px 0px;\npadding:0px 0px 0px 0px;\n}\n.responsive #top #wrap_all .flex_column.av-2di8gs-c8f0832bbcd5150fc313a6d0538a68a3{\nmargin-top:0px;\nmargin-bottom:0px;\n}\n<\/style>\n<div class='flex_column av-2di8gs-c8f0832bbcd5150fc313a6d0538a68a3 av_one_half  avia-builder-el-4  el_after_av_one_full  el_before_av_one_half  first flex_column_div av-animated-generic bottom-to-top av-zero-column-padding column-top-margin'     ><section  class='av_textblock_section av-28pp1o-b14c8ffd21053866358b41f3980ae057'  itemscope=\"itemscope\" itemtype=\"https:\/\/schema.org\/CreativeWork\" ><div class='avia_textblock'  itemprop=\"text\" ><p>Modische Stoffe f\u00fcr die Sportswear, in Echtf\u00e4rbung oder mit Fade-out-Effekt. Vom einfachen Komfort-Stretch bis zum Highstretch f\u00fcr h\u00f6chste Bequemlichkeit und Body-Shaping. Neben Standardbindungen liefern wir auch klassische Stoffe wie Doppelpilot oder Schlosserflanell in Stretch.<\/p>\n<p>Unser Anspruch ist es hier, besondere Stoffe abseits vom Mainstream zu liefern, die es erm\u00f6glichen, sich vom genormten Einheitsauftritt abzuheben.<\/p>\n<\/div><\/section><\/div>\n<style type=\"text\/css\" data-created_by=\"avia_inline_auto\" id=\"style-css-av-2071p0-56ee15a4a371d6defeb8bd31514c3ef6\">\n#top .flex_column.av-2071p0-56ee15a4a371d6defeb8bd31514c3ef6{\nmargin-top:0px;\nmargin-bottom:0px;\n}\n.flex_column.av-2071p0-56ee15a4a371d6defeb8bd31514c3ef6{\n-webkit-border-radius:0px 0px 0px 0px;\n-moz-border-radius:0px 0px 0px 0px;\nborder-radius:0px 0px 0px 0px;\npadding:0px 0px 0px 0px;\n}\n.responsive #top #wrap_all .flex_column.av-2071p0-56ee15a4a371d6defeb8bd31514c3ef6{\nmargin-top:0px;\nmargin-bottom:0px;\n}\n<\/style>\n<div class='flex_column av-2071p0-56ee15a4a371d6defeb8bd31514c3ef6 av_one_half  avia-builder-el-6  el_after_av_one_half  el_before_av_one_full  flex_column_div av-animated-generic bottom-to-top av-zero-column-padding column-top-margin'     ><section  class='av_textblock_section av-28pp1o-b14c8ffd21053866358b41f3980ae057'  itemscope=\"itemscope\" itemtype=\"https:\/\/schema.org\/CreativeWork\" ><div class='avia_textblock'  itemprop=\"text\" ><p>Flachgewebe liefern wir in Gewichten von 120 g\/m2 bis zu 600 g\/m2. Auf der Suche nach dem etwas besonderem Stoff ? Unser Verkaufsteam ber\u00e4t Sie hier gerne.<\/p>\n<\/div><\/section><\/div>\n<style type=\"text\/css\" data-created_by=\"avia_inline_auto\" id=\"style-css-av-aeamh-0df15aaa6656659a5a58fca24a2bba0e\">\n.flex_column.av-aeamh-0df15aaa6656659a5a58fca24a2bba0e{\n-webkit-border-radius:0px 0px 0px 0px;\n-moz-border-radius:0px 0px 0px 0px;\nborder-radius:0px 0px 0px 0px;\npadding:0px 0px 0px 0px;\n}\n<\/style>\n<div class='flex_column av-aeamh-0df15aaa6656659a5a58fca24a2bba0e av_one_full  avia-builder-el-8  el_after_av_one_half  avia-builder-el-last  first flex_column_div av-zero-column-padding column-top-margin'     ><p>\n<style type=\"text\/css\" data-created_by=\"avia_inline_auto\" id=\"style-css-av-js92ndl9-1909c5a543915e150f204c5611d01731\">\n#top .av-special-heading.av-js92ndl9-1909c5a543915e150f204c5611d01731{\npadding-bottom:0;\n}\nbody .av-special-heading.av-js92ndl9-1909c5a543915e150f204c5611d01731 .av-special-heading-tag .heading-char{\nfont-size:25px;\n}\n.av-special-heading.av-js92ndl9-1909c5a543915e150f204c5611d01731 .av-subheading{\nfont-size:15px;\n}\n<\/style>\n<div  class='av-special-heading av-js92ndl9-1909c5a543915e150f204c5611d01731 av-special-heading-h2 blockquote modern-quote  avia-builder-el-9  el_before_av_hr  avia-builder-el-first '><h2 class='av-special-heading-tag'  itemprop=\"headline\"  >Bebilderte Listen Flachgewebe<\/h2><div class=\"special-heading-border\"><div class=\"special-heading-inner-border\"><\/div><\/div><\/div><br \/>\n\n<style type=\"text\/css\" data-created_by=\"avia_inline_auto\" id=\"style-css-av-2aq17s-cf047fc21eb9d2ab623984c60c7fd029\">\n#top .hr.av-2aq17s-cf047fc21eb9d2ab623984c60c7fd029{\nmargin-top:10px;\nmargin-bottom:10px;\n}\n.hr.av-2aq17s-cf047fc21eb9d2ab623984c60c7fd029 .hr-inner{\nwidth:50px;\nborder-color:#efbb20;\n}\n<\/style>\n<div  class='hr av-2aq17s-cf047fc21eb9d2ab623984c60c7fd029 hr-custom  avia-builder-el-10  el_after_av_heading  el_before_av_portfolio  avia-builder-el-last  hr-left hr-icon-no'><span class='hr-inner inner-border-av-border-fat'><span class=\"hr-inner-style\"><\/span><\/span><\/div><br \/>\n<\/p><\/div><\/p>\n","protected":false},"excerpt":{"rendered":"","protected":false},"author":2,"featured_media":0,"parent":941,"menu_order":0,"comment_status":"closed","ping_status":"closed","template":"","meta":{"footnotes":""},"class_list":["post-978","page","type-page","status-publish","hentry"],"yoast_head":"<!-- This site is optimized with the Yoast SEO plugin v23.4 - https:\/\/yoast.com\/wordpress\/plugins\/seo\/ -->\n<title>Flachgewebe - Cosserat<\/title>\n<meta name=\"robots\" content=\"noindex, follow, max-snippet:-1, max-image-preview:large, max-video-preview:-1\" \/>\n<meta property=\"og:locale\" content=\"de_DE\" \/>\n<meta property=\"og:type\" content=\"article\" \/>\n<meta property=\"og:title\" content=\"Flachgewebe - Cosserat\" \/>\n<meta property=\"og:url\" content=\"https:\/\/cosserat.cordx.de\/de\/produkte\/flachgewebe\/\" \/>\n<meta property=\"og:site_name\" content=\"Cosserat\" \/>\n<meta property=\"article:modified_time\" content=\"2020-04-08T20:23:21+00:00\" \/>\n<meta name=\"twitter:card\" content=\"summary_large_image\" \/>\n<meta name=\"twitter:label1\" content=\"Gesch\u00e4tzte Lesezeit\" \/>\n\t<meta name=\"twitter:data1\" content=\"4\u00a0Minuten\" \/>\n<script type=\"application\/ld+json\" class=\"yoast-schema-graph\">{\"@context\":\"https:\/\/schema.org\",\"@graph\":[{\"@type\":\"WebPage\",\"@id\":\"https:\/\/cosserat.cordx.de\/de\/produkte\/flachgewebe\/\",\"url\":\"https:\/\/cosserat.cordx.de\/de\/produkte\/flachgewebe\/\",\"name\":\"Flachgewebe - Cosserat\",\"isPartOf\":{\"@id\":\"https:\/\/cosserat.cordx.de\/#website\"},\"datePublished\":\"2020-04-08T19:53:14+00:00\",\"dateModified\":\"2020-04-08T20:23:21+00:00\",\"breadcrumb\":{\"@id\":\"https:\/\/cosserat.cordx.de\/de\/produkte\/flachgewebe\/#breadcrumb\"},\"inLanguage\":\"de\",\"potentialAction\":[{\"@type\":\"ReadAction\",\"target\":[\"https:\/\/cosserat.cordx.de\/de\/produkte\/flachgewebe\/\"]}]},{\"@type\":\"BreadcrumbList\",\"@id\":\"https:\/\/cosserat.cordx.de\/de\/produkte\/flachgewebe\/#breadcrumb\",\"itemListElement\":[{\"@type\":\"ListItem\",\"position\":1,\"name\":\"Startseite\",\"item\":\"https:\/\/cosserat.cordx.de\/\"},{\"@type\":\"ListItem\",\"position\":2,\"name\":\"Produkte\",\"item\":\"https:\/\/cosserat.cordx.de\/de\/produkte\/\"},{\"@type\":\"ListItem\",\"position\":3,\"name\":\"Flachgewebe\"}]},{\"@type\":\"WebSite\",\"@id\":\"https:\/\/cosserat.cordx.de\/#website\",\"url\":\"https:\/\/cosserat.cordx.de\/\",\"name\":\"Cosserat\",\"description\":\"Eine weitere Kindermann Textil Websites Website\",\"potentialAction\":[{\"@type\":\"SearchAction\",\"target\":{\"@type\":\"EntryPoint\",\"urlTemplate\":\"https:\/\/cosserat.cordx.de\/?s={search_term_string}\"},\"query-input\":{\"@type\":\"PropertyValueSpecification\",\"valueRequired\":true,\"valueName\":\"search_term_string\"}}],\"inLanguage\":\"de\"}]}<\/script>\n<!-- \/ Yoast SEO plugin. -->","yoast_head_json":{"title":"Flachgewebe - Cosserat","robots":{"index":"noindex","follow":"follow","max-snippet":"max-snippet:-1","max-image-preview":"max-image-preview:large","max-video-preview":"max-video-preview:-1"},"og_locale":"de_DE","og_type":"article","og_title":"Flachgewebe - Cosserat","og_url":"https:\/\/cosserat.cordx.de\/de\/produkte\/flachgewebe\/","og_site_name":"Cosserat","article_modified_time":"2020-04-08T20:23:21+00:00","twitter_card":"summary_large_image","twitter_misc":{"Gesch\u00e4tzte Lesezeit":"4\u00a0Minuten"},"schema":{"@context":"https:\/\/schema.org","@graph":[{"@type":"WebPage","@id":"https:\/\/cosserat.cordx.de\/de\/produkte\/flachgewebe\/","url":"https:\/\/cosserat.cordx.de\/de\/produkte\/flachgewebe\/","name":"Flachgewebe - Cosserat","isPartOf":{"@id":"https:\/\/cosserat.cordx.de\/#website"},"datePublished":"2020-04-08T19:53:14+00:00","dateModified":"2020-04-08T20:23:21+00:00","breadcrumb":{"@id":"https:\/\/cosserat.cordx.de\/de\/produkte\/flachgewebe\/#breadcrumb"},"inLanguage":"de","potentialAction":[{"@type":"ReadAction","target":["https:\/\/cosserat.cordx.de\/de\/produkte\/flachgewebe\/"]}]},{"@type":"BreadcrumbList","@id":"https:\/\/cosserat.cordx.de\/de\/produkte\/flachgewebe\/#breadcrumb","itemListElement":[{"@type":"ListItem","position":1,"name":"Startseite","item":"https:\/\/cosserat.cordx.de\/"},{"@type":"ListItem","position":2,"name":"Produkte","item":"https:\/\/cosserat.cordx.de\/de\/produkte\/"},{"@type":"ListItem","position":3,"name":"Flachgewebe"}]},{"@type":"WebSite","@id":"https:\/\/cosserat.cordx.de\/#website","url":"https:\/\/cosserat.cordx.de\/","name":"Cosserat","description":"Eine weitere Kindermann Textil Websites Website","potentialAction":[{"@type":"SearchAction","target":{"@type":"EntryPoint","urlTemplate":"https:\/\/cosserat.cordx.de\/?s={search_term_string}"},"query-input":{"@type":"PropertyValueSpecification","valueRequired":true,"valueName":"search_term_string"}}],"inLanguage":"de"}]}},"_links":{"self":[{"href":"https:\/\/cosserat.cordx.de\/de\/wp-json\/wp\/v2\/pages\/978","targetHints":{"allow":["GET"]}}],"collection":[{"href":"https:\/\/cosserat.cordx.de\/de\/wp-json\/wp\/v2\/pages"}],"about":[{"href":"https:\/\/cosserat.cordx.de\/de\/wp-json\/wp\/v2\/types\/page"}],"author":[{"embeddable":true,"href":"https:\/\/cosserat.cordx.de\/de\/wp-json\/wp\/v2\/users\/2"}],"replies":[{"embeddable":true,"href":"https:\/\/cosserat.cordx.de\/de\/wp-json\/wp\/v2\/comments?post=978"}],"version-history":[{"count":4,"href":"https:\/\/cosserat.cordx.de\/de\/wp-json\/wp\/v2\/pages\/978\/revisions"}],"predecessor-version":[{"id":1144,"href":"https:\/\/cosserat.cordx.de\/de\/wp-json\/wp\/v2\/pages\/978\/revisions\/1144"}],"up":[{"embeddable":true,"href":"https:\/\/cosserat.cordx.de\/de\/wp-json\/wp\/v2\/pages\/941"}],"wp:attachment":[{"href":"https:\/\/cosserat.cordx.de\/de\/wp-json\/wp\/v2\/media?parent=978"}],"curies":[{"name":"wp","href":"https:\/\/api.w.org\/{rel}","templated":true}]}}