{"id":931,"date":"2020-04-08T21:45:03","date_gmt":"2020-04-08T19:45:03","guid":{"rendered":"https:\/\/cosserat.cordx.de\/?page_id=931"},"modified":"2020-04-08T22:18:39","modified_gmt":"2020-04-08T20:18:39","slug":"kontakt","status":"publish","type":"page","link":"https:\/\/cosserat.cordx.de\/de\/kontakt\/","title":{"rendered":"Kontakt"},"content":{"rendered":"\n<style type=\"text\/css\" data-created_by=\"avia_inline_auto\" id=\"style-css-av-90ltj-8fbd34936050292cfc573e7f6d89dc63\">\n.flex_column.av-90ltj-8fbd34936050292cfc573e7f6d89dc63{\n-webkit-border-radius:0px 0px 0px 0px;\n-moz-border-radius:0px 0px 0px 0px;\nborder-radius:0px 0px 0px 0px;\npadding:0px 0px 0px 0px;\n}\n<\/style>\n<div class='flex_column av-90ltj-8fbd34936050292cfc573e7f6d89dc63 av_two_third  avia-builder-el-0  el_before_av_one_third  avia-builder-el-first  first flex_column_div av-animated-generic bottom-to-top av-zero-column-padding '     ><p>\n<style type=\"text\/css\" data-created_by=\"avia_inline_auto\" id=\"style-css-av-bekt7-5f80b6033761b9a54e44ae07c44a763c\">\n#top .av-special-heading.av-bekt7-5f80b6033761b9a54e44ae07c44a763c{\npadding-bottom:0;\n}\nbody .av-special-heading.av-bekt7-5f80b6033761b9a54e44ae07c44a763c .av-special-heading-tag .heading-char{\nfont-size:25px;\n}\n.av-special-heading.av-bekt7-5f80b6033761b9a54e44ae07c44a763c .av-subheading{\nfont-size:15px;\n}\n<\/style>\n<div  class='av-special-heading av-bekt7-5f80b6033761b9a54e44ae07c44a763c av-special-heading-h3 blockquote modern-quote  avia-builder-el-1  el_before_av_hr  avia-builder-el-first '><h3 class='av-special-heading-tag'  itemprop=\"headline\"  >Kontaktieren Sie uns, wir freuen uns von Ihnen zu h\u00f6ren!<\/h3><div class=\"special-heading-border\"><div class=\"special-heading-inner-border\"><\/div><\/div><\/div><br \/>\n\n<style type=\"text\/css\" data-created_by=\"avia_inline_auto\" id=\"style-css-av-875sf-57ccefe6ce50526c9c672fa63a85ed52\">\n#top .hr.av-875sf-57ccefe6ce50526c9c672fa63a85ed52{\nmargin-top:10px;\nmargin-bottom:10px;\n}\n.hr.av-875sf-57ccefe6ce50526c9c672fa63a85ed52 .hr-inner{\nwidth:50px;\nborder-color:#efbb20;\n}\n<\/style>\n<div  class='hr av-875sf-57ccefe6ce50526c9c672fa63a85ed52 hr-custom  avia-builder-el-2  el_after_av_heading  el_before_av_contact  hr-left hr-icon-no'><span class='hr-inner inner-border-av-border-fat'><span class=\"hr-inner-style\"><\/span><\/span><\/div><br \/>\n<form action=\"https:\/\/cosserat.cordx.de\/de\/kontakt\/\" method=\"post\"  class=\"avia_ajax_form av-form-labels-visible   avia-builder-el-3  el_after_av_hr  avia-builder-el-last   \" data-avia-form-id=\"1\" data-avia-redirect='' ><fieldset><p class='  first_form  form_element form_fullwidth' id='element_avia_1_1'><label for=\"avia_1_1\">Firma <abbr class=\"required\" title=\"ben\u00f6tigt\">*<\/abbr><\/label> <input name=\"avia_1_1\" class=\"text_input is_empty\" type=\"text\" id=\"avia_1_1\" value=\"\" \/><\/p><p class='  first_form  form_element form_fullwidth' id='element_avia_2_1'><label for=\"avia_2_1\">Name <abbr class=\"required\" title=\"ben\u00f6tigt\">*<\/abbr><\/label> <input name=\"avia_2_1\" class=\"text_input is_empty\" type=\"text\" id=\"avia_2_1\" value=\"\" \/><\/p><p class='  first_form  form_element form_element_half' id='element_avia_3_1'><label for=\"avia_3_1\">E-Mail <abbr class=\"required\" title=\"ben\u00f6tigt\">*<\/abbr><\/label> <input name=\"avia_3_1\" class=\"text_input is_email\" type=\"text\" id=\"avia_3_1\" value=\"\" \/><\/p><p class='  form_element form_element_half' id='element_avia_4_1'><label for=\"avia_4_1\">Telefon <abbr class=\"required\" title=\"ben\u00f6tigt\">*<\/abbr><\/label> <input name=\"avia_4_1\" class=\"text_input is_empty\" type=\"text\" id=\"avia_4_1\" value=\"\" \/><\/p><p class='  first_form  form_element form_fullwidth' id='element_avia_5_1'><label for=\"avia_5_1\">Betreff <abbr class=\"required\" title=\"ben\u00f6tigt\">*<\/abbr><\/label> <input name=\"avia_5_1\" class=\"text_input is_empty\" type=\"text\" id=\"avia_5_1\" value=\"\" \/><\/p><p class='  first_form  form_element form_fullwidth' id='element_avia_6_1'><label for=\"avia_6_1\" class=\"textare_label hidden textare_label_avia_6_1\">Message <abbr class=\"required\" title=\"ben\u00f6tigt\">*<\/abbr><\/label><textarea  name=\"avia_6_1\" class=\"text_area is_empty\" cols=\"40\" rows=\"7\" id=\"avia_6_1\" ><\/textarea><\/p><p class=\"hidden\"><input type=\"text\" name=\"avia_7_1\" class=\"hidden \" id=\"avia_7_1\" value=\"\" \/><\/p><p class=' av_form_privacy_check av_contact_privacy_check first_form  form_element form_fullwidth' id='element_avia_8_1'><input  name=\"avia_8_1\" class=\"input_checkbox is_empty\" type=\"checkbox\" id=\"avia_8_1\" value=\"true\"\/><label class=\"input_checkbox_label\" for=\"avia_8_1\">Ich stimme den Nutzungsbedingungen wie sie auf der Seite  Datenschutz  beschrieben sind zu. <abbr class=\"required\" title=\"ben\u00f6tigt\">*<\/abbr><\/label><\/p><p class=\"form_element \"><input type=\"hidden\" value=\"1\" name=\"avia_generated_form1\" \/><input type=\"submit\" value=\"Abschicken\" class=\"button\"  data-sending-label=\"Sende\"\/><\/p><\/fieldset><\/form><div id=\"ajaxresponse_1\" class=\"ajaxresponse ajaxresponse_1 hidden\"><\/div><\/p><\/div>\n<style type=\"text\/css\" data-created_by=\"avia_inline_auto\" id=\"style-css-av-41fl7-efa8e73644bce371da7f4d6682f46409\">\n.flex_column.av-41fl7-efa8e73644bce371da7f4d6682f46409{\n-webkit-border-radius:0px 0px 0px 0px;\n-moz-border-radius:0px 0px 0px 0px;\nborder-radius:0px 0px 0px 0px;\npadding:0px 0px 0px 0px;\n}\n<\/style>\n<div class='flex_column av-41fl7-efa8e73644bce371da7f4d6682f46409 av_one_third  avia-builder-el-4  el_after_av_two_third  el_before_av_one_full  flex_column_div av-animated-generic bottom-to-top av-zero-column-padding '     ><p>\n<style type=\"text\/css\" data-created_by=\"avia_inline_auto\" id=\"style-css-av-73u2l-71cc7f87a7f55c439c83242e4eeedf93\">\n#top .av-special-heading.av-73u2l-71cc7f87a7f55c439c83242e4eeedf93{\npadding-bottom:0;\n}\nbody .av-special-heading.av-73u2l-71cc7f87a7f55c439c83242e4eeedf93 .av-special-heading-tag .heading-char{\nfont-size:25px;\n}\n.av-special-heading.av-73u2l-71cc7f87a7f55c439c83242e4eeedf93 .av-subheading{\nfont-size:15px;\n}\n<\/style>\n<div  class='av-special-heading av-73u2l-71cc7f87a7f55c439c83242e4eeedf93 av-special-heading-h3 blockquote modern-quote  avia-builder-el-5  el_before_av_hr  avia-builder-el-first '><h3 class='av-special-heading-tag'  itemprop=\"headline\"  >Andere Wege mit uns in Kontakt zu treten:<\/h3><div class=\"special-heading-border\"><div class=\"special-heading-inner-border\"><\/div><\/div><\/div><br \/>\n\n<style type=\"text\/css\" data-created_by=\"avia_inline_auto\" id=\"style-css-av-2rqoj-a5e83fed322ce79d55f92aafd5c26246\">\n#top .hr.av-2rqoj-a5e83fed322ce79d55f92aafd5c26246{\nmargin-top:10px;\nmargin-bottom:10px;\n}\n.hr.av-2rqoj-a5e83fed322ce79d55f92aafd5c26246 .hr-inner{\nwidth:50px;\nborder-color:#efbb20;\n}\n<\/style>\n<div  class='hr av-2rqoj-a5e83fed322ce79d55f92aafd5c26246 hr-custom  avia-builder-el-6  el_after_av_heading  el_before_av_textblock  hr-left hr-icon-no'><span class='hr-inner inner-border-av-border-fat'><span class=\"hr-inner-style\"><\/span><\/span><\/div><br \/>\n<section  class='av_textblock_section av-2by0b-30355b5799c14184ddea66a691cf322c'  itemscope=\"itemscope\" itemtype=\"https:\/\/schema.org\/CreativeWork\" ><div class='avia_textblock'  itemprop=\"text\" ><p>Sprechen Sie uns auf\u00a0einer\u00a0der n\u00e4chsten Messen an. Wir stellen regelm\u00e4\u00dfig auf den folgenden Textilmessen aus:<\/p>\n<ul>\n<li>Premi\u00e8re Vision &#8211; Paris<\/li>\n<li>Fabrik Start &#8211; M\u00fcnchen<\/li>\n<li>Berliner Visionen &#8211; Berlin<\/li>\n<\/ul>\n<\/div><\/section><br \/>\n\n<style type=\"text\/css\" data-created_by=\"avia_inline_auto\" id=\"style-css-av-1kmwn-eabd365b5b31b842e228cf3448990764\">\n#top .hr.av-1kmwn-eabd365b5b31b842e228cf3448990764{\nmargin-top:10px;\nmargin-bottom:10px;\n}\n.hr.av-1kmwn-eabd365b5b31b842e228cf3448990764 .hr-inner{\nwidth:50px;\nborder-color:#efbb20;\n}\n<\/style>\n<div  class='hr av-1kmwn-eabd365b5b31b842e228cf3448990764 hr-custom  avia-builder-el-8  el_after_av_textblock  el_before_av_textblock  hr-left hr-icon-no'><span class='hr-inner inner-border-av-border-fat'><span class=\"hr-inner-style\"><\/span><\/span><\/div><br \/>\n<section  class='av_textblock_section av-wwnv-9aa0783829d68a105cc0bcf02333d6eb'  itemscope=\"itemscope\" itemtype=\"https:\/\/schema.org\/CreativeWork\" ><div class='avia_textblock'  itemprop=\"text\" ><p><strong>Addresse<\/strong><br \/>\nKindermann GmbH, An der Umfluth 31, D-49479 Ibbenb\u00fcren<\/p>\n<p><strong>Kontakt<\/strong><br \/>\nTel. +49 (0) 5451-9415-0, Fax +49 (0) 5451-9415-15<br \/>\neMail: <a href=\"mailto:info@kindermann-textil.de\">info@kindermann-textil.de<\/a><\/p>\n<p><strong>Erreichbarkeit<\/strong><br \/>\nMo-Fr: 8:00-18:00<\/p>\n<\/div><\/section><\/p><\/div><\/p>\n\n<style type=\"text\/css\" data-created_by=\"avia_inline_auto\" id=\"style-css-av-2qmhb-ff66f72a84eae5767dbed59b22a27529\">\n.flex_column.av-2qmhb-ff66f72a84eae5767dbed59b22a27529{\n-webkit-border-radius:0px 0px 0px 0px;\n-moz-border-radius:0px 0px 0px 0px;\nborder-radius:0px 0px 0px 0px;\npadding:0px 0px 0px 0px;\n}\n<\/style>\n<div class='flex_column av-2qmhb-ff66f72a84eae5767dbed59b22a27529 av_one_full  avia-builder-el-10  el_after_av_one_third  el_before_av_one_half  first flex_column_div av-zero-column-padding column-top-margin'     ><p>\n<style type=\"text\/css\" data-created_by=\"avia_inline_auto\" id=\"style-css-av-jqgof58r-abf1bef4e9faefe85717b9b152225af5\">\n#top .av-special-heading.av-jqgof58r-abf1bef4e9faefe85717b9b152225af5{\npadding-bottom:10px;\n}\nbody .av-special-heading.av-jqgof58r-abf1bef4e9faefe85717b9b152225af5 .av-special-heading-tag .heading-char{\nfont-size:25px;\n}\n.av-special-heading.av-jqgof58r-abf1bef4e9faefe85717b9b152225af5 .av-subheading{\nfont-size:15px;\n}\n<\/style>\n<div  class='av-special-heading av-jqgof58r-abf1bef4e9faefe85717b9b152225af5 av-special-heading-h2 blockquote modern-quote  avia-builder-el-11  el_before_av_hr  avia-builder-el-first '><h2 class='av-special-heading-tag'  itemprop=\"headline\"  >Kontaktieren Sie unsere Auslandsvertreter vor Ort<\/h2><div class=\"special-heading-border\"><div class=\"special-heading-inner-border\"><\/div><\/div><\/div><br \/>\n<div  class='hr av-1z8ln-15b83a97317af4aec0d5d9c85e045293 hr-default  avia-builder-el-12  el_after_av_heading  avia-builder-el-last '><span class='hr-inner '><span class=\"hr-inner-style\"><\/span><\/span><\/div><\/p><\/div>\n\n<style type=\"text\/css\" data-created_by=\"avia_inline_auto\" id=\"style-css-av-1rg9z-b23b5c4c4599dbe097c2518402dd5bd9\">\n.flex_column.av-1rg9z-b23b5c4c4599dbe097c2518402dd5bd9{\n-webkit-border-radius:0px 0px 0px 0px;\n-moz-border-radius:0px 0px 0px 0px;\nborder-radius:0px 0px 0px 0px;\npadding:0px 0px 0px 0px;\n}\n<\/style>\n<div class='flex_column av-1rg9z-b23b5c4c4599dbe097c2518402dd5bd9 av_one_half  avia-builder-el-13  el_after_av_one_full  el_before_av_one_half  first flex_column_div av-zero-column-padding column-top-margin'     ><p><section  class='avia-team-member av-jqgnsu2v-6f64cd41d6bd09f1fb26d55e04d4b615  avia-builder-el-14  el_before_av_team_member  avia-builder-el-first '  itemscope=\"itemscope\" itemtype=\"https:\/\/schema.org\/Person\" ><h3 class='team-member-name '  itemprop=\"name\" >Australien \/ Australia<\/h3><div class='team-member-job-title '  itemprop=\"jobTitle\" >Peter Mc Harg Agencies <\/div><div class='team-member-description '  itemprop=\"description\" ><p>Peter Mc Harg Agencies<br \/>\n17 Tivoli Road<br \/>\nSouth Yarra<br \/>\nAUS-Melboure, Vic 3141<br \/>\nTel. +61 - 39 82 60 20 7<br \/>\nFax. +61 - 39 82 60 20 7<\/p>\n<p>pmchar(at)bigpond.com<\/p>\n<\/div><span class='hidden team-member-affiliation'  itemprop=\"affiliation\" >Cosserat<\/span><\/section><br \/>\n<section  class='avia-team-member av-jqgnsu2v-b9ff77d9ec497da06d49f99b91390bf9  avia-builder-el-15  el_after_av_team_member  el_before_av_team_member '  itemscope=\"itemscope\" itemtype=\"https:\/\/schema.org\/Person\" ><h3 class='team-member-name '  itemprop=\"name\" >Belgien \/ Belgium <\/h3><div class='team-member-job-title '  itemprop=\"jobTitle\" >Claushuis BVBA\/SPRL <\/div><div class='team-member-description '  itemprop=\"description\" ><p>Arenbergstraat 4<br \/>\nBE-2000 Antwerpen<br \/>\nTel. +32 - 47 59 44 88 9<br \/>\nFax. +32 - 32 18 57 06<\/p>\n<p>P.Claushuis(at)Telenet.be <\/p>\n<\/div><span class='hidden team-member-affiliation'  itemprop=\"affiliation\" >Cosserat<\/span><\/section><br \/>\n<section  class='avia-team-member av-jqgnsu2v-74f5c7677b8becaa1a535eff234be526  avia-builder-el-16  el_after_av_team_member  el_before_av_team_member '  itemscope=\"itemscope\" itemtype=\"https:\/\/schema.org\/Person\" ><h3 class='team-member-name '  itemprop=\"name\" >China<\/h3><div class='team-member-job-title '  itemprop=\"jobTitle\" >Harvestex (HK) Trading Ltd.<\/div><div class='team-member-description '  itemprop=\"description\" ><p>A9, 2\/F, Luen Hing Factory Buildung<br \/>\n109 King Lam St., Lai Chi Kok<br \/>\nKowloon, Hong Kong<br \/>\nTel. +852 60 99 00 08<\/p>\n<p>Harvestexh(at)gmail.com<\/p>\n<\/div><span class='hidden team-member-affiliation'  itemprop=\"affiliation\" >Cosserat<\/span><\/section><br \/>\n<section  class='avia-team-member av-jqgnsu2v-57fbadf54550b3f2bb65fa3d69691d66  avia-builder-el-17  el_after_av_team_member  el_before_av_team_member '  itemscope=\"itemscope\" itemtype=\"https:\/\/schema.org\/Person\" ><h3 class='team-member-name '  itemprop=\"name\" >Gro\u00dfbritannien \/ Great Britain <\/h3><div class='team-member-job-title '  itemprop=\"jobTitle\" >Urban Fabrics Limited <\/div><div class='team-member-description '  itemprop=\"description\" ><p>Unit J2<br \/>\nMeltham Mills Ind. Est.<br \/>\nGB-Holmfirth HD9 4DS<br \/>\nTel. +44 - 14 84 85 96 68<br \/>\nFax. +44 - 77 14 84 31 66 18<br \/>\nMo. +44 - 77 53 56 82 02<\/p>\n<p>Sales(at)urbanfabrics.co.uk<\/p>\n<\/div><span class='hidden team-member-affiliation'  itemprop=\"affiliation\" >Cosserat<\/span><\/section><br \/>\n<section  class='avia-team-member av-jqgnsu2v-4dd17e2f7474a5bc051a2a1b8e821ddf  avia-builder-el-18  el_after_av_team_member  el_before_av_team_member '  itemscope=\"itemscope\" itemtype=\"https:\/\/schema.org\/Person\" ><h3 class='team-member-name '  itemprop=\"name\" >Italien \/ Italia<\/h3><div class='team-member-job-title '  itemprop=\"jobTitle\" >F.LLI Gandolfi SNC<\/div><div class='team-member-description '  itemprop=\"description\" ><p>Via E. Velo 30<br \/>\nI-36061 Bassano del GrappaDG (VI)<br \/>\nTel. +39 34 83 07 08 61<\/p>\n<p>Texgandolfi(at)gmail.com<\/p>\n<\/div><span class='hidden team-member-affiliation'  itemprop=\"affiliation\" >Cosserat<\/span><\/section><br \/>\n<section  class='avia-team-member av-jqgnsu2v-f40f3f97b9e67abe6ac87aaa54689c83  avia-builder-el-19  el_after_av_team_member  el_before_av_team_member '  itemscope=\"itemscope\" itemtype=\"https:\/\/schema.org\/Person\" ><h3 class='team-member-name '  itemprop=\"name\" >Kanada \/ Canada<\/h3><div class='team-member-job-title '  itemprop=\"jobTitle\" >Staron Textiles<\/div><div class='team-member-description '  itemprop=\"description\" ><p>9212-8487 Quebec Inc.<br \/>\n75 Woodlawn Crescent<br \/>\nDollard Des Ormeaux<br \/>\nQuebec H9A 1Z1<\/p>\n<p>Tel. +1 - 51 46 83 61 77<br \/>\nFax. +1 - 51 46 83 05 93<\/p>\n<p>Carl(at)starontextiles.com<\/p>\n<\/div><span class='hidden team-member-affiliation'  itemprop=\"affiliation\" >Cosserat<\/span><\/section><br \/>\n<section  class='avia-team-member av-jqgnsu2v-6c1f92c06aa53178d7c3507f0b0b64ff  avia-builder-el-20  el_after_av_team_member  el_before_av_team_member '  itemscope=\"itemscope\" itemtype=\"https:\/\/schema.org\/Person\" ><h3 class='team-member-name '  itemprop=\"name\" >Korea<\/h3><div class='team-member-job-title '  itemprop=\"jobTitle\" >Rayns Corp.<\/div><div class='team-member-description '  itemprop=\"description\" ><p>2F Soolim Bldg., 17-1 Dongwang-Ro<br \/>\nSeocho-Gu, 06560 Seoul \/ Korea<br \/>\nTel. +82 2 536 6350<br \/>\nFax +82 2 536 6439<\/p>\n<p>rayns822(at)gmail.com<\/p>\n<\/div><span class='hidden team-member-affiliation'  itemprop=\"affiliation\" >Cosserat<\/span><\/section><br \/>\n<section  class='avia-team-member av-jqgnsu2v-987dd249e6abf0bd668c9eb0801216bd  avia-builder-el-21  el_after_av_team_member  avia-builder-el-last '  itemscope=\"itemscope\" itemtype=\"https:\/\/schema.org\/Person\" ><h3 class='team-member-name '  itemprop=\"name\" >Neuseeland \/ New Zealand <\/h3><div class='team-member-job-title '  itemprop=\"jobTitle\" >Textile Agencies (1995) Ltd. <\/div><div class='team-member-description '  itemprop=\"description\" ><p>7 Ambrose Lane<br \/>\nRD 1 Whitford<br \/>\nNZ-2571 Auckland<br \/>\nTel. +64 - 95 30 81 02<br \/>\nFax. +64 - 21 11 14 15 4<\/p>\n<p>Textileagencies(at)vodafone.co.nz<\/p>\n<\/div><span class='hidden team-member-affiliation'  itemprop=\"affiliation\" >Cosserat<\/span><\/section><\/p><\/div>\n\n<style type=\"text\/css\" data-created_by=\"avia_inline_auto\" id=\"style-css-av-rzyr-88cf1aa8157b5209606c54188efdff9b\">\n.flex_column.av-rzyr-88cf1aa8157b5209606c54188efdff9b{\n-webkit-border-radius:0px 0px 0px 0px;\n-moz-border-radius:0px 0px 0px 0px;\nborder-radius:0px 0px 0px 0px;\npadding:0px 0px 0px 0px;\n}\n<\/style>\n<div class='flex_column av-rzyr-88cf1aa8157b5209606c54188efdff9b av_one_half  avia-builder-el-22  el_after_av_one_half  avia-builder-el-last  flex_column_div av-zero-column-padding column-top-margin'     ><p><section  class='avia-team-member av-jqgnsu2v-67722b9dde8f737cae7c11180d837cae  avia-builder-el-23  el_before_av_team_member  avia-builder-el-first '  itemscope=\"itemscope\" itemtype=\"https:\/\/schema.org\/Person\" ><h3 class='team-member-name '  itemprop=\"name\" >Niederlande \/ Netherlands <\/h3><div class='team-member-job-title '  itemprop=\"jobTitle\" >Claushuis BVBA\/SPRL<\/div><div class='team-member-description '  itemprop=\"description\" ><p>Arenbergstraat 4<br \/>\nBE-2000 Antwerpen<br \/>\nTel. +32 - 47 59 44 88 9<br \/>\nFax. +32 - 32 18 57 06<\/p>\n<p>P.Claushuis(at)Telenet.be<\/p>\n<\/div><span class='hidden team-member-affiliation'  itemprop=\"affiliation\" >Cosserat<\/span><\/section><br \/>\n<section  class='avia-team-member av-jqgnsu2v-2b0d5bb9c86950678ce1153a06af2dc2  avia-builder-el-24  el_after_av_team_member  el_before_av_team_member '  itemscope=\"itemscope\" itemtype=\"https:\/\/schema.org\/Person\" ><h3 class='team-member-name '  itemprop=\"name\" >Schweden \/ Sweden<\/h3><div class='team-member-job-title '  itemprop=\"jobTitle\" >Per Skoglund Agentur AB<\/div><div class='team-member-description '  itemprop=\"description\" ><p>fabriksgatan 11,6 tr<br \/>\nSE-50338 Boras<br \/>\nTel. +46 - 33 14 18 50<br \/>\nFax. +46 - 70 51 71 85 0<\/p>\n<p>per.skoglund(at)skoglundagenturer.se<\/p>\n<\/div><span class='hidden team-member-affiliation'  itemprop=\"affiliation\" >Cosserat<\/span><\/section><br \/>\n<section  class='avia-team-member av-jqgnsu2v-8512238ace9389c15b151472137effb1  avia-builder-el-25  el_after_av_team_member  el_before_av_team_member '  itemscope=\"itemscope\" itemtype=\"https:\/\/schema.org\/Person\" ><h3 class='team-member-name '  itemprop=\"name\" >Schweiz \/ Switzerland <\/h3><div class='team-member-job-title '  itemprop=\"jobTitle\" >Textilagentur Martin Stoll<\/div><div class='team-member-description '  itemprop=\"description\" ><p>TMC Room 564<br \/>\nPostfach 1262<br \/>\nCH-8065 Glattburgg \/ Z\u00fcrich<br \/>\nTel. +41 - 44 81 10 47 1<br \/>\nFax. +41 - 44 81 10 47 2<\/p>\n<p>martin.stoll(at)sunrise.ch<\/p>\n<\/div><span class='hidden team-member-affiliation'  itemprop=\"affiliation\" >Cosserat<\/span><\/section><br \/>\n<section  class='avia-team-member av-jqgnsu2v-7ecedacf217195bca495132d7b95ea55  avia-builder-el-26  el_after_av_team_member  el_before_av_team_member '  itemscope=\"itemscope\" itemtype=\"https:\/\/schema.org\/Person\" ><h3 class='team-member-name '  itemprop=\"name\" >Spanien \/ Spain<\/h3><div class='team-member-job-title '  itemprop=\"jobTitle\" >Augusto Bellini S.L.<\/div><div class='team-member-description '  itemprop=\"description\" ><p>Joan Costa<br \/>\nViladomat, 135-lr<br \/>\nES-8015 Barcelona<br \/>\nTel. +34 - 93 48 17 43 0<br \/>\nFax. +34 - 93 48 17 43 1<\/p>\n<p>661545216(at)blackberry.orange.es<\/p>\n<\/div><span class='hidden team-member-affiliation'  itemprop=\"affiliation\" >Cosserat<\/span><\/section><br \/>\n<section  class='avia-team-member av-jqgnsu2v-c9ee21b793f802bcf9398e6b482b7828  avia-builder-el-27  el_after_av_team_member  el_before_av_team_member '  itemscope=\"itemscope\" itemtype=\"https:\/\/schema.org\/Person\" ><h3 class='team-member-name '  itemprop=\"name\" >T\u00fcrkei \/ Turkey<\/h3><div class='team-member-job-title '  itemprop=\"jobTitle\" >Tekstilya Tekstil San. Ve Tic. Ltd.<\/div><div class='team-member-description '  itemprop=\"description\" ><p>M. Hakan Uzel<br \/>\nEmniyettepe Mahallesi<br \/>\nMehmet Akif Erson Cadesi 20\/A<br \/>\nTR-34060 Aliberkoy\/Istanbul<br \/>\nTel. +90 - 21 22 21 29 75<br \/>\nFax. +90 - 21 22 21 29 67<br \/>\nMo. +90 - 53 35 81 51 94<\/p>\n<p>Tekstilya(at)turk.net<\/p>\n<p>Utli Tekstil<br \/>\nBekir Utli<br \/>\nTelsiz Mah Zambak<br \/>\nSokak No: 12\/A<br \/>\nZeytinburnu-Istanbul<br \/>\nT\u00fcrkiye<br \/>\nTel. +902125106598<br \/>\nMo. +905326879405<\/p>\n<p>bekir_utli(at)hotmail.com<\/p>\n<\/div><span class='hidden team-member-affiliation'  itemprop=\"affiliation\" >Cosserat<\/span><\/section><br \/>\n<section  class='avia-team-member av-jqgnsu2v-4bf29d269d0d70ed8eceebbfec673864  avia-builder-el-28  el_after_av_team_member  avia-builder-el-last '  itemscope=\"itemscope\" itemtype=\"https:\/\/schema.org\/Person\" ><h3 class='team-member-name '  itemprop=\"name\" >USA<\/h3><div class='team-member-job-title '  itemprop=\"jobTitle\" >I.T.S. Group<\/div><div class='team-member-description '  itemprop=\"description\" ><p>Mrs. Dorothy McNee<br \/>\n12 Tracey Drive<br \/>\nLawrenceville New Jersey 08648<br \/>\nTel. +1 - 21 26 95 17 60<br \/>\nMo. +1 - 60 92 40 80 85<\/p>\n<p>Dotmcnee(at)gmail.com<\/p>\n<\/div><span class='hidden team-member-affiliation'  itemprop=\"affiliation\" >Cosserat<\/span><\/section><\/p><\/div>\n","protected":false},"excerpt":{"rendered":"","protected":false},"author":2,"featured_media":0,"parent":0,"menu_order":0,"comment_status":"closed","ping_status":"closed","template":"","meta":{"footnotes":""},"class_list":["post-931","page","type-page","status-publish","hentry"],"yoast_head":"<!-- This site is optimized with the Yoast SEO plugin v23.4 - https:\/\/yoast.com\/wordpress\/plugins\/seo\/ -->\n<title>Kontakt - Cosserat<\/title>\n<meta name=\"robots\" content=\"noindex, follow, max-snippet:-1, max-image-preview:large, max-video-preview:-1\" \/>\n<meta property=\"og:locale\" content=\"de_DE\" \/>\n<meta property=\"og:type\" content=\"article\" \/>\n<meta property=\"og:title\" content=\"Kontakt - Cosserat\" \/>\n<meta property=\"og:url\" content=\"https:\/\/cosserat.cordx.de\/de\/kontakt\/\" \/>\n<meta property=\"og:site_name\" content=\"Cosserat\" \/>\n<meta property=\"article:modified_time\" content=\"2020-04-08T20:18:39+00:00\" \/>\n<meta name=\"twitter:card\" content=\"summary_large_image\" \/>\n<meta name=\"twitter:label1\" content=\"Gesch\u00e4tzte Lesezeit\" \/>\n\t<meta name=\"twitter:data1\" content=\"10\u00a0Minuten\" \/>\n<script type=\"application\/ld+json\" class=\"yoast-schema-graph\">{\"@context\":\"https:\/\/schema.org\",\"@graph\":[{\"@type\":\"WebPage\",\"@id\":\"https:\/\/cosserat.cordx.de\/de\/kontakt\/\",\"url\":\"https:\/\/cosserat.cordx.de\/de\/kontakt\/\",\"name\":\"Kontakt - Cosserat\",\"isPartOf\":{\"@id\":\"https:\/\/cosserat.cordx.de\/#website\"},\"datePublished\":\"2020-04-08T19:45:03+00:00\",\"dateModified\":\"2020-04-08T20:18:39+00:00\",\"breadcrumb\":{\"@id\":\"https:\/\/cosserat.cordx.de\/de\/kontakt\/#breadcrumb\"},\"inLanguage\":\"de\",\"potentialAction\":[{\"@type\":\"ReadAction\",\"target\":[\"https:\/\/cosserat.cordx.de\/de\/kontakt\/\"]}]},{\"@type\":\"BreadcrumbList\",\"@id\":\"https:\/\/cosserat.cordx.de\/de\/kontakt\/#breadcrumb\",\"itemListElement\":[{\"@type\":\"ListItem\",\"position\":1,\"name\":\"Startseite\",\"item\":\"https:\/\/cosserat.cordx.de\/\"},{\"@type\":\"ListItem\",\"position\":2,\"name\":\"Kontakt\"}]},{\"@type\":\"WebSite\",\"@id\":\"https:\/\/cosserat.cordx.de\/#website\",\"url\":\"https:\/\/cosserat.cordx.de\/\",\"name\":\"Cosserat\",\"description\":\"Eine weitere Kindermann Textil Websites Website\",\"potentialAction\":[{\"@type\":\"SearchAction\",\"target\":{\"@type\":\"EntryPoint\",\"urlTemplate\":\"https:\/\/cosserat.cordx.de\/?s={search_term_string}\"},\"query-input\":{\"@type\":\"PropertyValueSpecification\",\"valueRequired\":true,\"valueName\":\"search_term_string\"}}],\"inLanguage\":\"de\"}]}<\/script>\n<!-- \/ Yoast SEO plugin. -->","yoast_head_json":{"title":"Kontakt - Cosserat","robots":{"index":"noindex","follow":"follow","max-snippet":"max-snippet:-1","max-image-preview":"max-image-preview:large","max-video-preview":"max-video-preview:-1"},"og_locale":"de_DE","og_type":"article","og_title":"Kontakt - Cosserat","og_url":"https:\/\/cosserat.cordx.de\/de\/kontakt\/","og_site_name":"Cosserat","article_modified_time":"2020-04-08T20:18:39+00:00","twitter_card":"summary_large_image","twitter_misc":{"Gesch\u00e4tzte Lesezeit":"10\u00a0Minuten"},"schema":{"@context":"https:\/\/schema.org","@graph":[{"@type":"WebPage","@id":"https:\/\/cosserat.cordx.de\/de\/kontakt\/","url":"https:\/\/cosserat.cordx.de\/de\/kontakt\/","name":"Kontakt - Cosserat","isPartOf":{"@id":"https:\/\/cosserat.cordx.de\/#website"},"datePublished":"2020-04-08T19:45:03+00:00","dateModified":"2020-04-08T20:18:39+00:00","breadcrumb":{"@id":"https:\/\/cosserat.cordx.de\/de\/kontakt\/#breadcrumb"},"inLanguage":"de","potentialAction":[{"@type":"ReadAction","target":["https:\/\/cosserat.cordx.de\/de\/kontakt\/"]}]},{"@type":"BreadcrumbList","@id":"https:\/\/cosserat.cordx.de\/de\/kontakt\/#breadcrumb","itemListElement":[{"@type":"ListItem","position":1,"name":"Startseite","item":"https:\/\/cosserat.cordx.de\/"},{"@type":"ListItem","position":2,"name":"Kontakt"}]},{"@type":"WebSite","@id":"https:\/\/cosserat.cordx.de\/#website","url":"https:\/\/cosserat.cordx.de\/","name":"Cosserat","description":"Eine weitere Kindermann Textil Websites Website","potentialAction":[{"@type":"SearchAction","target":{"@type":"EntryPoint","urlTemplate":"https:\/\/cosserat.cordx.de\/?s={search_term_string}"},"query-input":{"@type":"PropertyValueSpecification","valueRequired":true,"valueName":"search_term_string"}}],"inLanguage":"de"}]}},"_links":{"self":[{"href":"https:\/\/cosserat.cordx.de\/de\/wp-json\/wp\/v2\/pages\/931","targetHints":{"allow":["GET"]}}],"collection":[{"href":"https:\/\/cosserat.cordx.de\/de\/wp-json\/wp\/v2\/pages"}],"about":[{"href":"https:\/\/cosserat.cordx.de\/de\/wp-json\/wp\/v2\/types\/page"}],"author":[{"embeddable":true,"href":"https:\/\/cosserat.cordx.de\/de\/wp-json\/wp\/v2\/users\/2"}],"replies":[{"embeddable":true,"href":"https:\/\/cosserat.cordx.de\/de\/wp-json\/wp\/v2\/comments?post=931"}],"version-history":[{"count":4,"href":"https:\/\/cosserat.cordx.de\/de\/wp-json\/wp\/v2\/pages\/931\/revisions"}],"predecessor-version":[{"id":1160,"href":"https:\/\/cosserat.cordx.de\/de\/wp-json\/wp\/v2\/pages\/931\/revisions\/1160"}],"wp:attachment":[{"href":"https:\/\/cosserat.cordx.de\/de\/wp-json\/wp\/v2\/media?parent=931"}],"curies":[{"name":"wp","href":"https:\/\/api.w.org\/{rel}","templated":true}]}}